{"id":2633,"date":"2021-06-22T13:59:23","date_gmt":"2021-06-22T13:59:23","guid":{"rendered":"https:\/\/ricovictor.com\/?page_id=2633"},"modified":"2024-01-03T13:57:56","modified_gmt":"2024-01-03T13:57:56","slug":"comunidad","status":"publish","type":"page","link":"https:\/\/ricovictor.com\/index.php\/comunidad\/","title":{"rendered":"COMUNIDAD"},"content":{"rendered":"\t\t<div data-elementor-type=\"wp-page\" data-elementor-id=\"2633\" class=\"elementor elementor-2633\">\n\t\t\t\t\t\t\t\t\t<section class=\"elementor-section elementor-top-section elementor-element elementor-element-cb90246 elementor-section-boxed elementor-section-height-default elementor-section-height-default\" data-id=\"cb90246\" data-element_type=\"section\">\n\t\t\t\t\t\t<div class=\"elementor-container elementor-column-gap-default\">\n\t\t\t\t\t<div class=\"elementor-column elementor-col-50 elementor-top-column elementor-element elementor-element-e521a30\" data-id=\"e521a30\" data-element_type=\"column\">\n\t\t\t<div class=\"elementor-widget-wrap elementor-element-populated\">\n\t\t\t\t\t\t\t\t<div class=\"elementor-element elementor-element-c6023ba elementor-widget elementor-widget-text-editor\" data-id=\"c6023ba\" data-element_type=\"widget\" data-widget_type=\"text-editor.default\">\n\t\t\t\t<div class=\"elementor-widget-container\">\n\t\t\t\t\t\t\t<p><strong>GRUPO DE FACEBOOK<\/strong><\/p><div class=\"kvgmc6g5 cxmmr5t8 oygrvhab hcukyx3x c1et5uql\"><div dir=\"auto\">\u00danete a nuestro grupo privado de Facebook\u00a0 donde tienes el mejor contenido espa\u00f1ol sobre <strong>Ciencias aplicadas a Finanzas y otros campos. Aqu\u00ed tienes el enlace :<\/strong><\/div><\/div><div dir=\"auto\">\u00a0<\/div><div dir=\"auto\"><a href=\"https:\/\/www.facebook.com\/groups\/3202706399817389\">https:\/\/www.facebook.com\/groups\/3202706399817389<\/a><\/div><div dir=\"auto\">\u00a0<\/div><div class=\"o9v6fnle cxmmr5t8 oygrvhab hcukyx3x c1et5uql\"><div dir=\"auto\">&#8211; Hablamos sobre Econometr\u00eda y modelos estad\u00edsticos<\/div><div dir=\"auto\">&#8211; Machine Learning y Big Data<\/div><div dir=\"auto\">&#8211; Mercados Financieros(Forex, acciones,cryptos etc)<\/div><div dir=\"auto\">&#8211; Contenido sobre Programaci\u00f3n<\/div><div dir=\"auto\">&#8211; Noticias sobre Econom\u00eda y Ciencia\u00a0<\/div><div dir=\"auto\">\u00a0<\/div><\/div><p>\u00a0<\/p>\t\t\t\t\t\t<\/div>\n\t\t\t\t<\/div>\n\t\t\t\t\t<\/div>\n\t\t<\/div>\n\t\t\t\t<div class=\"elementor-column elementor-col-50 elementor-top-column elementor-element elementor-element-fb5c51a\" data-id=\"fb5c51a\" data-element_type=\"column\">\n\t\t\t<div class=\"elementor-widget-wrap elementor-element-populated\">\n\t\t\t\t\t\t\t\t<div class=\"elementor-element elementor-element-c2c0428 elementor-widget elementor-widget-image\" data-id=\"c2c0428\" data-element_type=\"widget\" data-widget_type=\"image.default\">\n\t\t\t\t<div class=\"elementor-widget-container\">\n\t\t\t\t\t\t\t\t\t\t\t\t\t\t\t<img loading=\"lazy\" decoding=\"async\" width=\"960\" height=\"365\" src=\"https:\/\/ricovictor.com\/wp-content\/uploads\/2021\/06\/GRUPO-DE-FACEBBOK.jpg\" class=\"attachment-large size-large wp-image-2635\" alt=\"\" srcset=\"https:\/\/ricovictor.com\/wp-content\/uploads\/2021\/06\/GRUPO-DE-FACEBBOK.jpg 960w, https:\/\/ricovictor.com\/wp-content\/uploads\/2021\/06\/GRUPO-DE-FACEBBOK-300x114.jpg 300w, https:\/\/ricovictor.com\/wp-content\/uploads\/2021\/06\/GRUPO-DE-FACEBBOK-768x292.jpg 768w\" sizes=\"(max-width: 960px) 100vw, 960px\" \/>\t\t\t\t\t\t\t\t\t\t\t\t\t\t\t<\/div>\n\t\t\t\t<\/div>\n\t\t\t\t\t<\/div>\n\t\t<\/div>\n\t\t\t\t\t\t\t<\/div>\n\t\t<\/section>\n\t\t\t\t\t\t\t<\/div>\n\t\t","protected":false},"excerpt":{"rendered":"<p>GRUPO DE FACEBOOK \u00danete a nuestro grupo privado de Facebook\u00a0 donde tienes el mejor contenido espa\u00f1ol sobre Ciencias aplicadas a Finanzas y otros campos. Aqu\u00ed tienes el enlace :\u00a0https:\/\/www.facebook.com\/groups\/3202706399817389\u00a0&#8211; Hablamos sobre Econometr\u00eda y modelos estad\u00edsticos- Machine Learning y Big Data- Mercados Financieros(Forex, acciones,cryptos etc)- Contenido sobre Programaci\u00f3n- Noticias sobre Econom\u00eda y Ciencia\u00a0\u00a0 \u00a0<\/p>\n","protected":false},"author":1,"featured_media":0,"parent":0,"menu_order":0,"comment_status":"closed","ping_status":"closed","template":"","meta":{"site-sidebar-layout":"default","site-content-layout":"","ast-site-content-layout":"","site-content-style":"default","site-sidebar-style":"default","ast-global-header-display":"","ast-banner-title-visibility":"","ast-main-header-display":"","ast-hfb-above-header-display":"","ast-hfb-below-header-display":"","ast-hfb-mobile-header-display":"","site-post-title":"","ast-breadcrumbs-content":"","ast-featured-img":"","footer-sml-layout":"","theme-transparent-header-meta":"","adv-header-id-meta":"","stick-header-meta":"","header-above-stick-meta":"","header-main-stick-meta":"","header-below-stick-meta":"","astra-migrate-meta-layouts":"","ast-page-background-enabled":"default","ast-page-background-meta":{"desktop":{"background-color":"var(--ast-global-color-4)","background-image":"","background-repeat":"repeat","background-position":"center center","background-size":"auto","background-attachment":"scroll","background-type":"","background-media":"","overlay-type":"","overlay-color":"","overlay-gradient":""},"tablet":{"background-color":"","background-image":"","background-repeat":"repeat","background-position":"center center","background-size":"auto","background-attachment":"scroll","background-type":"","background-media":"","overlay-type":"","overlay-color":"","overlay-gradient":""},"mobile":{"background-color":"","background-image":"","background-repeat":"repeat","background-position":"center center","background-size":"auto","background-attachment":"scroll","background-type":"","background-media":"","overlay-type":"","overlay-color":"","overlay-gradient":""}},"ast-content-background-meta":{"desktop":{"background-color":"var(--ast-global-color-5)","background-image":"","background-repeat":"repeat","background-position":"center center","background-size":"auto","background-attachment":"scroll","background-type":"","background-media":"","overlay-type":"","overlay-color":"","overlay-gradient":""},"tablet":{"background-color":"var(--ast-global-color-5)","background-image":"","background-repeat":"repeat","background-position":"center center","background-size":"auto","background-attachment":"scroll","background-type":"","background-media":"","overlay-type":"","overlay-color":"","overlay-gradient":""},"mobile":{"background-color":"var(--ast-global-color-5)","background-image":"","background-repeat":"repeat","background-position":"center center","background-size":"auto","background-attachment":"scroll","background-type":"","background-media":"","overlay-type":"","overlay-color":"","overlay-gradient":""}},"footnotes":""},"yoast_head":"<!-- This site is optimized with the Yoast SEO plugin v21.6 - https:\/\/yoast.com\/wordpress\/plugins\/seo\/ -->\n<title>COMUNIDAD - V\u00edctor A. Rico \u2014 Econometr\u00eda y Finanzas Cuantitativas<\/title>\n<meta name=\"robots\" content=\"noindex, follow\" \/>\n<meta property=\"og:locale\" content=\"es_ES\" \/>\n<meta property=\"og:type\" content=\"article\" \/>\n<meta property=\"og:title\" content=\"COMUNIDAD - V\u00edctor A. Rico \u2014 Econometr\u00eda y Finanzas Cuantitativas\" \/>\n<meta property=\"og:description\" content=\"GRUPO DE FACEBOOK \u00danete a nuestro grupo privado de Facebook\u00a0 donde tienes el mejor contenido espa\u00f1ol sobre Ciencias aplicadas a Finanzas y otros campos. Aqu\u00ed tienes el enlace :\u00a0https:\/\/www.facebook.com\/groups\/3202706399817389\u00a0&#8211; Hablamos sobre Econometr\u00eda y modelos estad\u00edsticos- Machine Learning y Big Data- Mercados Financieros(Forex, acciones,cryptos etc)- Contenido sobre Programaci\u00f3n- Noticias sobre Econom\u00eda y Ciencia\u00a0\u00a0 \u00a0\" \/>\n<meta property=\"og:url\" content=\"https:\/\/ricovictor.com\/index.php\/comunidad\/\" \/>\n<meta property=\"og:site_name\" content=\"V\u00edctor A. Rico \u2014 Econometr\u00eda y Finanzas Cuantitativas\" \/>\n<meta property=\"article:modified_time\" content=\"2024-01-03T13:57:56+00:00\" \/>\n<meta property=\"og:image\" content=\"https:\/\/ricovictor.com\/wp-content\/uploads\/2021\/06\/GRUPO-DE-FACEBBOK.jpg\" \/>\n<meta name=\"twitter:card\" content=\"summary_large_image\" \/>\n<meta name=\"twitter:label1\" content=\"Tiempo de lectura\" \/>\n\t<meta name=\"twitter:data1\" content=\"1 minuto\" \/>\n<script type=\"application\/ld+json\" class=\"yoast-schema-graph\">{\"@context\":\"https:\/\/schema.org\",\"@graph\":[{\"@type\":\"WebPage\",\"@id\":\"https:\/\/ricovictor.com\/index.php\/comunidad\/\",\"url\":\"https:\/\/ricovictor.com\/index.php\/comunidad\/\",\"name\":\"COMUNIDAD - V\u00edctor A. Rico \u2014 Econometr\u00eda y Finanzas Cuantitativas\",\"isPartOf\":{\"@id\":\"https:\/\/ricovictor.com\/#website\"},\"datePublished\":\"2021-06-22T13:59:23+00:00\",\"dateModified\":\"2024-01-03T13:57:56+00:00\",\"breadcrumb\":{\"@id\":\"https:\/\/ricovictor.com\/index.php\/comunidad\/#breadcrumb\"},\"inLanguage\":\"es\",\"potentialAction\":[{\"@type\":\"ReadAction\",\"target\":[\"https:\/\/ricovictor.com\/index.php\/comunidad\/\"]}]},{\"@type\":\"BreadcrumbList\",\"@id\":\"https:\/\/ricovictor.com\/index.php\/comunidad\/#breadcrumb\",\"itemListElement\":[{\"@type\":\"ListItem\",\"position\":1,\"name\":\"Portada\",\"item\":\"https:\/\/ricovictor.com\/\"},{\"@type\":\"ListItem\",\"position\":2,\"name\":\"COMUNIDAD\"}]},{\"@type\":\"WebSite\",\"@id\":\"https:\/\/ricovictor.com\/#website\",\"url\":\"https:\/\/ricovictor.com\/\",\"name\":\"V\u00edctor A. Rico \u2014 Econometr\u00eda y Finanzas Cuantitativas\",\"description\":\"\",\"publisher\":{\"@id\":\"https:\/\/ricovictor.com\/#organization\"},\"potentialAction\":[{\"@type\":\"SearchAction\",\"target\":{\"@type\":\"EntryPoint\",\"urlTemplate\":\"https:\/\/ricovictor.com\/?s={search_term_string}\"},\"query-input\":\"required name=search_term_string\"}],\"inLanguage\":\"es\"},{\"@type\":\"Organization\",\"@id\":\"https:\/\/ricovictor.com\/#organization\",\"name\":\"V\u00edctor A. Rico \u2014 Econometr\u00eda y Finanzas Cuantitativas\",\"url\":\"https:\/\/ricovictor.com\/\",\"logo\":{\"@type\":\"ImageObject\",\"inLanguage\":\"es\",\"@id\":\"https:\/\/ricovictor.com\/#\/schema\/logo\/image\/\",\"url\":\"https:\/\/ricovictor.com\/wp-content\/uploads\/2026\/02\/cropped-ChatGPT-Image-4-feb-2026-12_41_28.png\",\"contentUrl\":\"https:\/\/ricovictor.com\/wp-content\/uploads\/2026\/02\/cropped-ChatGPT-Image-4-feb-2026-12_41_28.png\",\"width\":1402,\"height\":474,\"caption\":\"V\u00edctor A. Rico \u2014 Econometr\u00eda y Finanzas Cuantitativas\"},\"image\":{\"@id\":\"https:\/\/ricovictor.com\/#\/schema\/logo\/image\/\"}}]}<\/script>\n<!-- \/ Yoast SEO plugin. -->","yoast_head_json":{"title":"COMUNIDAD - V\u00edctor A. Rico \u2014 Econometr\u00eda y Finanzas Cuantitativas","robots":{"index":"noindex","follow":"follow"},"og_locale":"es_ES","og_type":"article","og_title":"COMUNIDAD - V\u00edctor A. Rico \u2014 Econometr\u00eda y Finanzas Cuantitativas","og_description":"GRUPO DE FACEBOOK \u00danete a nuestro grupo privado de Facebook\u00a0 donde tienes el mejor contenido espa\u00f1ol sobre Ciencias aplicadas a Finanzas y otros campos. Aqu\u00ed tienes el enlace :\u00a0https:\/\/www.facebook.com\/groups\/3202706399817389\u00a0&#8211; Hablamos sobre Econometr\u00eda y modelos estad\u00edsticos- Machine Learning y Big Data- Mercados Financieros(Forex, acciones,cryptos etc)- Contenido sobre Programaci\u00f3n- Noticias sobre Econom\u00eda y Ciencia\u00a0\u00a0 \u00a0","og_url":"https:\/\/ricovictor.com\/index.php\/comunidad\/","og_site_name":"V\u00edctor A. Rico \u2014 Econometr\u00eda y Finanzas Cuantitativas","article_modified_time":"2024-01-03T13:57:56+00:00","og_image":[{"url":"https:\/\/ricovictor.com\/wp-content\/uploads\/2021\/06\/GRUPO-DE-FACEBBOK.jpg"}],"twitter_card":"summary_large_image","twitter_misc":{"Tiempo de lectura":"1 minuto"},"schema":{"@context":"https:\/\/schema.org","@graph":[{"@type":"WebPage","@id":"https:\/\/ricovictor.com\/index.php\/comunidad\/","url":"https:\/\/ricovictor.com\/index.php\/comunidad\/","name":"COMUNIDAD - V\u00edctor A. Rico \u2014 Econometr\u00eda y Finanzas Cuantitativas","isPartOf":{"@id":"https:\/\/ricovictor.com\/#website"},"datePublished":"2021-06-22T13:59:23+00:00","dateModified":"2024-01-03T13:57:56+00:00","breadcrumb":{"@id":"https:\/\/ricovictor.com\/index.php\/comunidad\/#breadcrumb"},"inLanguage":"es","potentialAction":[{"@type":"ReadAction","target":["https:\/\/ricovictor.com\/index.php\/comunidad\/"]}]},{"@type":"BreadcrumbList","@id":"https:\/\/ricovictor.com\/index.php\/comunidad\/#breadcrumb","itemListElement":[{"@type":"ListItem","position":1,"name":"Portada","item":"https:\/\/ricovictor.com\/"},{"@type":"ListItem","position":2,"name":"COMUNIDAD"}]},{"@type":"WebSite","@id":"https:\/\/ricovictor.com\/#website","url":"https:\/\/ricovictor.com\/","name":"V\u00edctor A. Rico \u2014 Econometr\u00eda y Finanzas Cuantitativas","description":"","publisher":{"@id":"https:\/\/ricovictor.com\/#organization"},"potentialAction":[{"@type":"SearchAction","target":{"@type":"EntryPoint","urlTemplate":"https:\/\/ricovictor.com\/?s={search_term_string}"},"query-input":"required name=search_term_string"}],"inLanguage":"es"},{"@type":"Organization","@id":"https:\/\/ricovictor.com\/#organization","name":"V\u00edctor A. Rico \u2014 Econometr\u00eda y Finanzas Cuantitativas","url":"https:\/\/ricovictor.com\/","logo":{"@type":"ImageObject","inLanguage":"es","@id":"https:\/\/ricovictor.com\/#\/schema\/logo\/image\/","url":"https:\/\/ricovictor.com\/wp-content\/uploads\/2026\/02\/cropped-ChatGPT-Image-4-feb-2026-12_41_28.png","contentUrl":"https:\/\/ricovictor.com\/wp-content\/uploads\/2026\/02\/cropped-ChatGPT-Image-4-feb-2026-12_41_28.png","width":1402,"height":474,"caption":"V\u00edctor A. Rico \u2014 Econometr\u00eda y Finanzas Cuantitativas"},"image":{"@id":"https:\/\/ricovictor.com\/#\/schema\/logo\/image\/"}}]}},"post_mailing_queue_ids":[],"_links":{"self":[{"href":"https:\/\/ricovictor.com\/index.php\/wp-json\/wp\/v2\/pages\/2633"}],"collection":[{"href":"https:\/\/ricovictor.com\/index.php\/wp-json\/wp\/v2\/pages"}],"about":[{"href":"https:\/\/ricovictor.com\/index.php\/wp-json\/wp\/v2\/types\/page"}],"author":[{"embeddable":true,"href":"https:\/\/ricovictor.com\/index.php\/wp-json\/wp\/v2\/users\/1"}],"replies":[{"embeddable":true,"href":"https:\/\/ricovictor.com\/index.php\/wp-json\/wp\/v2\/comments?post=2633"}],"version-history":[{"count":10,"href":"https:\/\/ricovictor.com\/index.php\/wp-json\/wp\/v2\/pages\/2633\/revisions"}],"predecessor-version":[{"id":3842,"href":"https:\/\/ricovictor.com\/index.php\/wp-json\/wp\/v2\/pages\/2633\/revisions\/3842"}],"wp:attachment":[{"href":"https:\/\/ricovictor.com\/index.php\/wp-json\/wp\/v2\/media?parent=2633"}],"curies":[{"name":"wp","href":"https:\/\/api.w.org\/{rel}","templated":true}]}}