{"id":3851,"date":"2024-01-04T11:56:46","date_gmt":"2024-01-04T11:56:46","guid":{"rendered":"https:\/\/ricovictor.com\/?page_id=3851"},"modified":"2024-01-04T12:03:54","modified_gmt":"2024-01-04T12:03:54","slug":"distribuciones-de-probabilidad","status":"publish","type":"page","link":"https:\/\/ricovictor.com\/index.php\/distribuciones-de-probabilidad\/","title":{"rendered":"DISTRIBUCIONES DE PROBABILIDAD"},"content":{"rendered":"\t\t<div data-elementor-type=\"wp-page\" data-elementor-id=\"3851\" class=\"elementor elementor-3851\">\n\t\t\t\t\t\t\t\t\t<section class=\"elementor-section elementor-top-section elementor-element elementor-element-4c924fd5 elementor-section-boxed elementor-section-height-default elementor-section-height-default\" data-id=\"4c924fd5\" data-element_type=\"section\">\n\t\t\t\t\t\t<div class=\"elementor-container elementor-column-gap-default\">\n\t\t\t\t\t<div class=\"elementor-column elementor-col-100 elementor-top-column elementor-element elementor-element-5f08d9a5\" data-id=\"5f08d9a5\" data-element_type=\"column\">\n\t\t\t<div class=\"elementor-widget-wrap elementor-element-populated\">\n\t\t\t\t\t\t\t\t<div class=\"elementor-element elementor-element-1dbe79da elementor-widget elementor-widget-text-editor\" data-id=\"1dbe79da\" data-element_type=\"widget\" data-widget_type=\"text-editor.default\">\n\t\t\t\t<div class=\"elementor-widget-container\">\n\t\t\t\t\t\t\t<!-- wp:themeisle-blocks\/advanced-columns {\"id\":\"wp-block-themeisle-blocks-advanced-columns-0232fb57\"} -->\n<div class=\"wp-block-themeisle-blocks-advanced-columns has-undefined-columns has-desktop-undefined-layout has-tablet-equal-layout has-mobile-equal-layout has-default-gap has-vertical-unset\" id=\"wp-block-themeisle-blocks-advanced-columns-0232fb57\"><div class=\"wp-block-themeisle-blocks-advanced-columns-overlay\"><\/div><div class=\"innerblocks-wrap\"><\/div><\/div>\n<!-- \/wp:themeisle-blocks\/advanced-columns -->\t\t\t\t\t\t<\/div>\n\t\t\t\t<\/div>\n\t\t\t\t\t<\/div>\n\t\t<\/div>\n\t\t\t\t\t\t\t<\/div>\n\t\t<\/section>\n\t\t\t\t<section class=\"elementor-section elementor-top-section elementor-element elementor-element-5ccac72 elementor-section-boxed elementor-section-height-default elementor-section-height-default\" data-id=\"5ccac72\" data-element_type=\"section\">\n\t\t\t\t\t\t<div class=\"elementor-container elementor-column-gap-default\">\n\t\t\t\t\t<div class=\"elementor-column elementor-col-50 elementor-top-column elementor-element elementor-element-72af707\" data-id=\"72af707\" data-element_type=\"column\">\n\t\t\t<div class=\"elementor-widget-wrap elementor-element-populated\">\n\t\t\t\t\t\t\t\t<div class=\"elementor-element elementor-element-d3abbb8 elementor-widget elementor-widget-text-editor\" data-id=\"d3abbb8\" data-element_type=\"widget\" data-widget_type=\"text-editor.default\">\n\t\t\t\t<div class=\"elementor-widget-container\">\n\t\t\t\t\t\t\t<p>Con esta serie de videos y tutoriales aprender\u00e1s el funcionamiento de distintas distribuciones de probabilidad que son usadas en el campo estad\u00edstico.<\/p>\n<p>S\u00f3lo tienes que pinchar en los enlaces, y encontrar\u00e1s tanto el video correspondiente como los c\u00f3digos o materiales usados en el tutorial<\/p>\t\t\t\t\t\t<\/div>\n\t\t\t\t<\/div>\n\t\t\t\t\t<\/div>\n\t\t<\/div>\n\t\t\t\t<div class=\"elementor-column elementor-col-50 elementor-top-column elementor-element elementor-element-2074d90\" data-id=\"2074d90\" data-element_type=\"column\">\n\t\t\t<div class=\"elementor-widget-wrap elementor-element-populated\">\n\t\t\t\t\t\t\t\t<div class=\"elementor-element elementor-element-8a15351 elementor-widget__width-initial elementor-widget elementor-widget-image\" data-id=\"8a15351\" data-element_type=\"widget\" data-widget_type=\"image.default\">\n\t\t\t\t<div class=\"elementor-widget-container\">\n\t\t\t\t\t\t\t\t\t\t\t\t\t\t\t<img loading=\"lazy\" decoding=\"async\" width=\"1024\" height=\"576\" src=\"https:\/\/ricovictor.com\/wp-content\/uploads\/2022\/04\/victor-a.rico-20-1024x576.png\" class=\"attachment-large size-large wp-image-3173\" alt=\"\" srcset=\"https:\/\/ricovictor.com\/wp-content\/uploads\/2022\/04\/victor-a.rico-20-1024x576.png 1024w, https:\/\/ricovictor.com\/wp-content\/uploads\/2022\/04\/victor-a.rico-20-300x169.png 300w, https:\/\/ricovictor.com\/wp-content\/uploads\/2022\/04\/victor-a.rico-20-768x432.png 768w, https:\/\/ricovictor.com\/wp-content\/uploads\/2022\/04\/victor-a.rico-20.png 1280w\" sizes=\"(max-width: 1024px) 100vw, 1024px\" \/>\t\t\t\t\t\t\t\t\t\t\t\t\t\t\t<\/div>\n\t\t\t\t<\/div>\n\t\t\t\t\t<\/div>\n\t\t<\/div>\n\t\t\t\t\t\t\t<\/div>\n\t\t<\/section>\n\t\t\t\t<section class=\"elementor-section elementor-top-section elementor-element elementor-element-003f1dc elementor-section-boxed elementor-section-height-default elementor-section-height-default\" data-id=\"003f1dc\" data-element_type=\"section\">\n\t\t\t\t\t\t<div class=\"elementor-container elementor-column-gap-default\">\n\t\t\t\t\t<div class=\"elementor-column elementor-col-100 elementor-top-column elementor-element elementor-element-f4a1e6c\" data-id=\"f4a1e6c\" data-element_type=\"column\">\n\t\t\t<div class=\"elementor-widget-wrap elementor-element-populated\">\n\t\t\t\t\t\t\t\t<div class=\"elementor-element elementor-element-7c0f7ac elementor-widget elementor-widget-text-editor\" data-id=\"7c0f7ac\" data-element_type=\"widget\" data-widget_type=\"text-editor.default\">\n\t\t\t\t<div class=\"elementor-widget-container\">\n\t\t\t\t\t\t\t<ul>\n<li><a href=\"https:\/\/ricovictor.com\/index.php\/2021\/03\/08\/distribucion-binomial-en-r\/\">Distribuci\u00f3n BINOMIAL en R<\/a><\/li>\n<li><a href=\"https:\/\/ricovictor.com\/index.php\/2021\/03\/21\/distribucion-de-poisson-en-r\/\">Distirbuci\u00f3n de POISSON en R<\/a><\/li>\n<li><a href=\"https:\/\/ricovictor.com\/index.php\/2021\/04\/01\/distribucion-normal-en-r\/\">Distribuci\u00f3n NORMAL en R<\/a><\/li>\n<li><a href=\"https:\/\/ricovictor.com\/index.php\/2021\/10\/01\/teoria-de-valores-extremos-pareto-generalizada\/\">Distribuci\u00f3n Pareto Generalizada en R | Teor\u00eda de Valores Extremos<\/a><\/li>\n<li><a href=\"https:\/\/youtu.be\/7LKITP5Ownk\">Distribuci\u00f3n UNIFORME<\/a><\/li>\n<li><a href=\"https:\/\/youtu.be\/FKMSFhwopuY\">Distribuci\u00f3n MULTINOMIAL en R<\/a><\/li>\n<li><a href=\"https:\/\/youtu.be\/YY6OhQTNt00\">Distribuci\u00f3n GEOM\u00c9TRICA en R<\/a><\/li>\n<li><a href=\"https:\/\/ricovictor.com\/index.php\/2022\/04\/16\/distribucion-t-de-student-en-rstudio\/\">Distribuci\u00f3n T de STUDENT en Rstudio<\/a><\/li>\n<li><a href=\"https:\/\/youtu.be\/-ividGCohTk\">Distribuci\u00f3n CHI CUADRADO en Rstudio<\/a><\/li>\n<li><a href=\"https:\/\/ricovictor.com\/index.php\/2022\/07\/12\/distribucion-f-en-r-encontrar-el-pvalue-y-los-valores-criticos\/\">DISTRIBUCI\u00d3N F EN Rstudio: Encontrar el PVALUE Y los VALORES CR\u00cdTICOS<\/a><\/li>\n<li><a href=\"https:\/\/ricovictor.com\/index.php\/2022\/08\/09\/distribucion-gamma-en-rstudio\/\">Distribuci\u00f3n GAMMA | Explicaci\u00f3n y ejemplo en Rstudio<\/a><\/li>\n<\/ul>\t\t\t\t\t\t<\/div>\n\t\t\t\t<\/div>\n\t\t\t\t\t<\/div>\n\t\t<\/div>\n\t\t\t\t\t\t\t<\/div>\n\t\t<\/section>\n\t\t\t\t\t\t\t<\/div>\n\t\t","protected":false},"excerpt":{"rendered":"<p>Con esta serie de videos y tutoriales aprender\u00e1s el funcionamiento de distintas distribuciones de probabilidad que son usadas en el campo estad\u00edstico. S\u00f3lo tienes que pinchar en los enlaces, y encontrar\u00e1s tanto el video correspondiente como los c\u00f3digos o materiales usados en el tutorial Distribuci\u00f3n BINOMIAL en R Distirbuci\u00f3n de POISSON en R Distribuci\u00f3n NORMAL &hellip;<\/p>\n<p class=\"read-more\"> <a class=\"\" href=\"https:\/\/ricovictor.com\/index.php\/distribuciones-de-probabilidad\/\"> <span class=\"screen-reader-text\">DISTRIBUCIONES DE PROBABILIDAD<\/span> Leer m\u00e1s &raquo;<\/a><\/p>\n","protected":false},"author":19,"featured_media":0,"parent":0,"menu_order":0,"comment_status":"closed","ping_status":"closed","template":"","meta":{"site-sidebar-layout":"default","site-content-layout":"","ast-site-content-layout":"","site-content-style":"default","site-sidebar-style":"default","ast-global-header-display":"","ast-banner-title-visibility":"","ast-main-header-display":"","ast-hfb-above-header-display":"","ast-hfb-below-header-display":"","ast-hfb-mobile-header-display":"","site-post-title":"","ast-breadcrumbs-content":"","ast-featured-img":"","footer-sml-layout":"","theme-transparent-header-meta":"","adv-header-id-meta":"","stick-header-meta":"","header-above-stick-meta":"","header-main-stick-meta":"","header-below-stick-meta":"","astra-migrate-meta-layouts":"","ast-page-background-enabled":"default","ast-page-background-meta":{"desktop":{"background-color":"var(--ast-global-color-4)","background-image":"","background-repeat":"repeat","background-position":"center center","background-size":"auto","background-attachment":"scroll","background-type":"","background-media":"","overlay-type":"","overlay-color":"","overlay-gradient":""},"tablet":{"background-color":"","background-image":"","background-repeat":"repeat","background-position":"center center","background-size":"auto","background-attachment":"scroll","background-type":"","background-media":"","overlay-type":"","overlay-color":"","overlay-gradient":""},"mobile":{"background-color":"","background-image":"","background-repeat":"repeat","background-position":"center center","background-size":"auto","background-attachment":"scroll","background-type":"","background-media":"","overlay-type":"","overlay-color":"","overlay-gradient":""}},"ast-content-background-meta":{"desktop":{"background-color":"var(--ast-global-color-5)","background-image":"","background-repeat":"repeat","background-position":"center center","background-size":"auto","background-attachment":"scroll","background-type":"","background-media":"","overlay-type":"","overlay-color":"","overlay-gradient":""},"tablet":{"background-color":"var(--ast-global-color-5)","background-image":"","background-repeat":"repeat","background-position":"center center","background-size":"auto","background-attachment":"scroll","background-type":"","background-media":"","overlay-type":"","overlay-color":"","overlay-gradient":""},"mobile":{"background-color":"var(--ast-global-color-5)","background-image":"","background-repeat":"repeat","background-position":"center center","background-size":"auto","background-attachment":"scroll","background-type":"","background-media":"","overlay-type":"","overlay-color":"","overlay-gradient":""}},"footnotes":""},"yoast_head":"<!-- This site is optimized with the Yoast SEO plugin v21.6 - https:\/\/yoast.com\/wordpress\/plugins\/seo\/ -->\n<title>DISTRIBUCIONES DE PROBABILIDAD - V\u00edctor A. Rico \u2014 Econometr\u00eda y Finanzas Cuantitativas<\/title>\n<meta name=\"robots\" content=\"noindex, follow\" \/>\n<meta property=\"og:locale\" content=\"es_ES\" \/>\n<meta property=\"og:type\" content=\"article\" \/>\n<meta property=\"og:title\" content=\"DISTRIBUCIONES DE PROBABILIDAD - V\u00edctor A. Rico \u2014 Econometr\u00eda y Finanzas Cuantitativas\" \/>\n<meta property=\"og:description\" content=\"Con esta serie de videos y tutoriales aprender\u00e1s el funcionamiento de distintas distribuciones de probabilidad que son usadas en el campo estad\u00edstico. S\u00f3lo tienes que pinchar en los enlaces, y encontrar\u00e1s tanto el video correspondiente como los c\u00f3digos o materiales usados en el tutorial Distribuci\u00f3n BINOMIAL en R Distirbuci\u00f3n de POISSON en R Distribuci\u00f3n NORMAL &hellip; DISTRIBUCIONES DE PROBABILIDAD Leer m\u00e1s &raquo;\" \/>\n<meta property=\"og:url\" content=\"https:\/\/ricovictor.com\/index.php\/distribuciones-de-probabilidad\/\" \/>\n<meta property=\"og:site_name\" content=\"V\u00edctor A. Rico \u2014 Econometr\u00eda y Finanzas Cuantitativas\" \/>\n<meta property=\"article:modified_time\" content=\"2024-01-04T12:03:54+00:00\" \/>\n<meta property=\"og:image\" content=\"https:\/\/ricovictor.com\/wp-content\/uploads\/2022\/04\/victor-a.rico-20-1024x576.png\" \/>\n<meta name=\"twitter:card\" content=\"summary_large_image\" \/>\n<meta name=\"twitter:label1\" content=\"Tiempo de lectura\" \/>\n\t<meta name=\"twitter:data1\" content=\"1 minuto\" \/>\n<script type=\"application\/ld+json\" class=\"yoast-schema-graph\">{\"@context\":\"https:\/\/schema.org\",\"@graph\":[{\"@type\":\"WebPage\",\"@id\":\"https:\/\/ricovictor.com\/index.php\/distribuciones-de-probabilidad\/\",\"url\":\"https:\/\/ricovictor.com\/index.php\/distribuciones-de-probabilidad\/\",\"name\":\"DISTRIBUCIONES DE PROBABILIDAD - V\u00edctor A. Rico \u2014 Econometr\u00eda y Finanzas Cuantitativas\",\"isPartOf\":{\"@id\":\"https:\/\/ricovictor.com\/#website\"},\"datePublished\":\"2024-01-04T11:56:46+00:00\",\"dateModified\":\"2024-01-04T12:03:54+00:00\",\"breadcrumb\":{\"@id\":\"https:\/\/ricovictor.com\/index.php\/distribuciones-de-probabilidad\/#breadcrumb\"},\"inLanguage\":\"es\",\"potentialAction\":[{\"@type\":\"ReadAction\",\"target\":[\"https:\/\/ricovictor.com\/index.php\/distribuciones-de-probabilidad\/\"]}]},{\"@type\":\"BreadcrumbList\",\"@id\":\"https:\/\/ricovictor.com\/index.php\/distribuciones-de-probabilidad\/#breadcrumb\",\"itemListElement\":[{\"@type\":\"ListItem\",\"position\":1,\"name\":\"Portada\",\"item\":\"https:\/\/ricovictor.com\/\"},{\"@type\":\"ListItem\",\"position\":2,\"name\":\"DISTRIBUCIONES DE PROBABILIDAD\"}]},{\"@type\":\"WebSite\",\"@id\":\"https:\/\/ricovictor.com\/#website\",\"url\":\"https:\/\/ricovictor.com\/\",\"name\":\"V\u00edctor A. Rico \u2014 Econometr\u00eda y Finanzas Cuantitativas\",\"description\":\"\",\"publisher\":{\"@id\":\"https:\/\/ricovictor.com\/#organization\"},\"potentialAction\":[{\"@type\":\"SearchAction\",\"target\":{\"@type\":\"EntryPoint\",\"urlTemplate\":\"https:\/\/ricovictor.com\/?s={search_term_string}\"},\"query-input\":\"required name=search_term_string\"}],\"inLanguage\":\"es\"},{\"@type\":\"Organization\",\"@id\":\"https:\/\/ricovictor.com\/#organization\",\"name\":\"V\u00edctor A. Rico \u2014 Econometr\u00eda y Finanzas Cuantitativas\",\"url\":\"https:\/\/ricovictor.com\/\",\"logo\":{\"@type\":\"ImageObject\",\"inLanguage\":\"es\",\"@id\":\"https:\/\/ricovictor.com\/#\/schema\/logo\/image\/\",\"url\":\"https:\/\/ricovictor.com\/wp-content\/uploads\/2026\/02\/cropped-ChatGPT-Image-4-feb-2026-12_41_28.png\",\"contentUrl\":\"https:\/\/ricovictor.com\/wp-content\/uploads\/2026\/02\/cropped-ChatGPT-Image-4-feb-2026-12_41_28.png\",\"width\":1402,\"height\":474,\"caption\":\"V\u00edctor A. Rico \u2014 Econometr\u00eda y Finanzas Cuantitativas\"},\"image\":{\"@id\":\"https:\/\/ricovictor.com\/#\/schema\/logo\/image\/\"}}]}<\/script>\n<!-- \/ Yoast SEO plugin. -->","yoast_head_json":{"title":"DISTRIBUCIONES DE PROBABILIDAD - V\u00edctor A. Rico \u2014 Econometr\u00eda y Finanzas Cuantitativas","robots":{"index":"noindex","follow":"follow"},"og_locale":"es_ES","og_type":"article","og_title":"DISTRIBUCIONES DE PROBABILIDAD - V\u00edctor A. Rico \u2014 Econometr\u00eda y Finanzas Cuantitativas","og_description":"Con esta serie de videos y tutoriales aprender\u00e1s el funcionamiento de distintas distribuciones de probabilidad que son usadas en el campo estad\u00edstico. S\u00f3lo tienes que pinchar en los enlaces, y encontrar\u00e1s tanto el video correspondiente como los c\u00f3digos o materiales usados en el tutorial Distribuci\u00f3n BINOMIAL en R Distirbuci\u00f3n de POISSON en R Distribuci\u00f3n NORMAL &hellip; DISTRIBUCIONES DE PROBABILIDAD Leer m\u00e1s &raquo;","og_url":"https:\/\/ricovictor.com\/index.php\/distribuciones-de-probabilidad\/","og_site_name":"V\u00edctor A. Rico \u2014 Econometr\u00eda y Finanzas Cuantitativas","article_modified_time":"2024-01-04T12:03:54+00:00","og_image":[{"url":"https:\/\/ricovictor.com\/wp-content\/uploads\/2022\/04\/victor-a.rico-20-1024x576.png"}],"twitter_card":"summary_large_image","twitter_misc":{"Tiempo de lectura":"1 minuto"},"schema":{"@context":"https:\/\/schema.org","@graph":[{"@type":"WebPage","@id":"https:\/\/ricovictor.com\/index.php\/distribuciones-de-probabilidad\/","url":"https:\/\/ricovictor.com\/index.php\/distribuciones-de-probabilidad\/","name":"DISTRIBUCIONES DE PROBABILIDAD - V\u00edctor A. Rico \u2014 Econometr\u00eda y Finanzas Cuantitativas","isPartOf":{"@id":"https:\/\/ricovictor.com\/#website"},"datePublished":"2024-01-04T11:56:46+00:00","dateModified":"2024-01-04T12:03:54+00:00","breadcrumb":{"@id":"https:\/\/ricovictor.com\/index.php\/distribuciones-de-probabilidad\/#breadcrumb"},"inLanguage":"es","potentialAction":[{"@type":"ReadAction","target":["https:\/\/ricovictor.com\/index.php\/distribuciones-de-probabilidad\/"]}]},{"@type":"BreadcrumbList","@id":"https:\/\/ricovictor.com\/index.php\/distribuciones-de-probabilidad\/#breadcrumb","itemListElement":[{"@type":"ListItem","position":1,"name":"Portada","item":"https:\/\/ricovictor.com\/"},{"@type":"ListItem","position":2,"name":"DISTRIBUCIONES DE PROBABILIDAD"}]},{"@type":"WebSite","@id":"https:\/\/ricovictor.com\/#website","url":"https:\/\/ricovictor.com\/","name":"V\u00edctor A. Rico \u2014 Econometr\u00eda y Finanzas Cuantitativas","description":"","publisher":{"@id":"https:\/\/ricovictor.com\/#organization"},"potentialAction":[{"@type":"SearchAction","target":{"@type":"EntryPoint","urlTemplate":"https:\/\/ricovictor.com\/?s={search_term_string}"},"query-input":"required name=search_term_string"}],"inLanguage":"es"},{"@type":"Organization","@id":"https:\/\/ricovictor.com\/#organization","name":"V\u00edctor A. Rico \u2014 Econometr\u00eda y Finanzas Cuantitativas","url":"https:\/\/ricovictor.com\/","logo":{"@type":"ImageObject","inLanguage":"es","@id":"https:\/\/ricovictor.com\/#\/schema\/logo\/image\/","url":"https:\/\/ricovictor.com\/wp-content\/uploads\/2026\/02\/cropped-ChatGPT-Image-4-feb-2026-12_41_28.png","contentUrl":"https:\/\/ricovictor.com\/wp-content\/uploads\/2026\/02\/cropped-ChatGPT-Image-4-feb-2026-12_41_28.png","width":1402,"height":474,"caption":"V\u00edctor A. Rico \u2014 Econometr\u00eda y Finanzas Cuantitativas"},"image":{"@id":"https:\/\/ricovictor.com\/#\/schema\/logo\/image\/"}}]}},"post_mailing_queue_ids":[],"_links":{"self":[{"href":"https:\/\/ricovictor.com\/index.php\/wp-json\/wp\/v2\/pages\/3851"}],"collection":[{"href":"https:\/\/ricovictor.com\/index.php\/wp-json\/wp\/v2\/pages"}],"about":[{"href":"https:\/\/ricovictor.com\/index.php\/wp-json\/wp\/v2\/types\/page"}],"author":[{"embeddable":true,"href":"https:\/\/ricovictor.com\/index.php\/wp-json\/wp\/v2\/users\/19"}],"replies":[{"embeddable":true,"href":"https:\/\/ricovictor.com\/index.php\/wp-json\/wp\/v2\/comments?post=3851"}],"version-history":[{"count":4,"href":"https:\/\/ricovictor.com\/index.php\/wp-json\/wp\/v2\/pages\/3851\/revisions"}],"predecessor-version":[{"id":3855,"href":"https:\/\/ricovictor.com\/index.php\/wp-json\/wp\/v2\/pages\/3851\/revisions\/3855"}],"wp:attachment":[{"href":"https:\/\/ricovictor.com\/index.php\/wp-json\/wp\/v2\/media?parent=3851"}],"curies":[{"name":"wp","href":"https:\/\/api.w.org\/{rel}","templated":true}]}}