{"id":443,"date":"2020-05-01T15:33:37","date_gmt":"2020-05-01T15:33:37","guid":{"rendered":"https:\/\/ricovictor.com\/?page_id=443"},"modified":"2024-01-04T20:31:01","modified_gmt":"2024-01-04T20:31:01","slug":"m-sarima","status":"publish","type":"page","link":"https:\/\/ricovictor.com\/index.php\/m-sarima\/","title":{"rendered":"Modelos-SARIMA"},"content":{"rendered":"\t\t<div data-elementor-type=\"wp-page\" data-elementor-id=\"443\" class=\"elementor elementor-443\">\n\t\t\t\t\t\t\t\t\t<section class=\"elementor-section elementor-top-section elementor-element elementor-element-b94169d elementor-section-boxed elementor-section-height-default elementor-section-height-default\" data-id=\"b94169d\" data-element_type=\"section\">\n\t\t\t\t\t\t<div class=\"elementor-container elementor-column-gap-default\">\n\t\t\t\t\t<div class=\"elementor-column elementor-col-50 elementor-top-column elementor-element elementor-element-6adeb20\" data-id=\"6adeb20\" data-element_type=\"column\">\n\t\t\t<div class=\"elementor-widget-wrap elementor-element-populated\">\n\t\t\t\t\t\t\t\t<section class=\"elementor-section elementor-inner-section elementor-element elementor-element-2e85e6c elementor-section-boxed elementor-section-height-default elementor-section-height-default\" data-id=\"2e85e6c\" data-element_type=\"section\">\n\t\t\t\t\t\t<div class=\"elementor-container elementor-column-gap-default\">\n\t\t\t\t\t<div class=\"elementor-column elementor-col-50 elementor-inner-column elementor-element elementor-element-54d98e8\" data-id=\"54d98e8\" data-element_type=\"column\">\n\t\t\t<div class=\"elementor-widget-wrap\">\n\t\t\t\t\t\t\t\t\t<\/div>\n\t\t<\/div>\n\t\t\t\t<div class=\"elementor-column elementor-col-50 elementor-inner-column elementor-element elementor-element-3c5f820\" data-id=\"3c5f820\" data-element_type=\"column\">\n\t\t\t<div class=\"elementor-widget-wrap\">\n\t\t\t\t\t\t\t\t\t<\/div>\n\t\t<\/div>\n\t\t\t\t\t\t\t<\/div>\n\t\t<\/section>\n\t\t\t\t<div class=\"elementor-element elementor-element-34e1366 elementor-widget elementor-widget-text-editor\" data-id=\"34e1366\" data-element_type=\"widget\" data-widget_type=\"text-editor.default\">\n\t\t\t\t<div class=\"elementor-widget-container\">\n\t\t\t\t\t\t\t<p><strong><em>Aprende a crear modelos para buscar patrones en las series de tiempo y poder hacer predicciones sobre ellas.<\/em><\/strong><\/p><p><strong><em>Aqu\u00ed tienes dos v\u00eddeos explicando un m\u00e9todo basados en modelos Arima Estacionales(SARIMA)\u00a0<\/em><\/strong><\/p><p><i>* El c\u00f3digo en R de los videos los tienes en los enlaces de abajo<\/i><\/p>\t\t\t\t\t\t<\/div>\n\t\t\t\t<\/div>\n\t\t\t\t\t<\/div>\n\t\t<\/div>\n\t\t\t\t<div class=\"elementor-column elementor-col-50 elementor-top-column elementor-element elementor-element-4b149f3\" data-id=\"4b149f3\" data-element_type=\"column\">\n\t\t\t<div class=\"elementor-widget-wrap elementor-element-populated\">\n\t\t\t\t\t\t\t\t<section class=\"elementor-section elementor-inner-section elementor-element elementor-element-2dd8762 elementor-section-boxed elementor-section-height-default elementor-section-height-default\" data-id=\"2dd8762\" data-element_type=\"section\">\n\t\t\t\t\t\t<div class=\"elementor-container elementor-column-gap-default\">\n\t\t\t\t\t<div class=\"elementor-column elementor-col-50 elementor-inner-column elementor-element elementor-element-1c5b736\" data-id=\"1c5b736\" data-element_type=\"column\">\n\t\t\t<div class=\"elementor-widget-wrap\">\n\t\t\t\t\t\t\t\t\t<\/div>\n\t\t<\/div>\n\t\t\t\t<div class=\"elementor-column elementor-col-50 elementor-inner-column elementor-element elementor-element-8c4bd57\" data-id=\"8c4bd57\" data-element_type=\"column\">\n\t\t\t<div class=\"elementor-widget-wrap\">\n\t\t\t\t\t\t\t\t\t<\/div>\n\t\t<\/div>\n\t\t\t\t\t\t\t<\/div>\n\t\t<\/section>\n\t\t\t\t\t<\/div>\n\t\t<\/div>\n\t\t\t\t\t\t\t<\/div>\n\t\t<\/section>\n\t\t\t\t<section class=\"elementor-section elementor-top-section elementor-element elementor-element-5674f8e elementor-section-boxed elementor-section-height-default elementor-section-height-default\" data-id=\"5674f8e\" data-element_type=\"section\">\n\t\t\t\t\t\t<div class=\"elementor-container elementor-column-gap-default\">\n\t\t\t\t\t<div class=\"elementor-column elementor-col-50 elementor-top-column elementor-element elementor-element-5e6d008\" data-id=\"5e6d008\" data-element_type=\"column\">\n\t\t\t<div class=\"elementor-widget-wrap elementor-element-populated\">\n\t\t\t\t\t\t\t\t<div class=\"elementor-element elementor-element-b5f656c elementor-widget elementor-widget-spacer\" data-id=\"b5f656c\" data-element_type=\"widget\" data-widget_type=\"spacer.default\">\n\t\t\t\t<div class=\"elementor-widget-container\">\n\t\t\t\t\t<div class=\"elementor-spacer\">\n\t\t\t<div class=\"elementor-spacer-inner\"><\/div>\n\t\t<\/div>\n\t\t\t\t<\/div>\n\t\t\t\t<\/div>\n\t\t\t\t<div class=\"elementor-element elementor-element-a37b48b elementor-widget elementor-widget-heading\" data-id=\"a37b48b\" data-element_type=\"widget\" data-widget_type=\"heading.default\">\n\t\t\t\t<div class=\"elementor-widget-container\">\n\t\t\t<h2 class=\"elementor-heading-title elementor-size-default\">VIDEO 1 <\/h2>\t\t<\/div>\n\t\t\t\t<\/div>\n\t\t\t\t<div class=\"elementor-element elementor-element-a9a10fb elementor-widget elementor-widget-text-editor\" data-id=\"a9a10fb\" data-element_type=\"widget\" data-widget_type=\"text-editor.default\">\n\t\t\t\t<div class=\"elementor-widget-container\">\n\t\t\t\t\t\t\t<h4 class=\"style-scope ytd-watch-metadata\">Modelos SARIMA(Arima Estacionales).\u00bfQu\u00e9 son y c\u00f3mo usarlos para Predecir?<\/h4>\t\t\t\t\t\t<\/div>\n\t\t\t\t<\/div>\n\t\t\t\t<div class=\"elementor-element elementor-element-18a450f elementor-widget elementor-widget-video\" data-id=\"18a450f\" data-element_type=\"widget\" data-settings=\"{&quot;youtube_url&quot;:&quot;https:\\\/\\\/www.youtube.com\\\/watch?v=GBy8TJF9vLU&amp;feature=emb_title&quot;,&quot;video_type&quot;:&quot;youtube&quot;,&quot;controls&quot;:&quot;yes&quot;}\" data-widget_type=\"video.default\">\n\t\t\t\t<div class=\"elementor-widget-container\">\n\t\t\t\t\t<div class=\"elementor-wrapper elementor-open-inline\">\n\t\t\t<div class=\"elementor-video\"><\/div>\t\t<\/div>\n\t\t\t\t<\/div>\n\t\t\t\t<\/div>\n\t\t\t\t\t<\/div>\n\t\t<\/div>\n\t\t\t\t<div class=\"elementor-column elementor-col-50 elementor-top-column elementor-element elementor-element-11c26c3\" data-id=\"11c26c3\" data-element_type=\"column\">\n\t\t\t<div class=\"elementor-widget-wrap elementor-element-populated\">\n\t\t\t\t\t\t\t\t<div class=\"elementor-element elementor-element-b838d98 elementor-widget elementor-widget-spacer\" data-id=\"b838d98\" data-element_type=\"widget\" data-widget_type=\"spacer.default\">\n\t\t\t\t<div class=\"elementor-widget-container\">\n\t\t\t\t\t<div class=\"elementor-spacer\">\n\t\t\t<div class=\"elementor-spacer-inner\"><\/div>\n\t\t<\/div>\n\t\t\t\t<\/div>\n\t\t\t\t<\/div>\n\t\t\t\t<div class=\"elementor-element elementor-element-6c6de1c elementor-widget elementor-widget-heading\" data-id=\"6c6de1c\" data-element_type=\"widget\" data-widget_type=\"heading.default\">\n\t\t\t\t<div class=\"elementor-widget-container\">\n\t\t\t<h2 class=\"elementor-heading-title elementor-size-default\">VIDEO 2<\/h2>\t\t<\/div>\n\t\t\t\t<\/div>\n\t\t\t\t<div class=\"elementor-element elementor-element-e9420a4 elementor-widget elementor-widget-text-editor\" data-id=\"e9420a4\" data-element_type=\"widget\" data-widget_type=\"text-editor.default\">\n\t\t\t\t<div class=\"elementor-widget-container\">\n\t\t\t\t\t\t\t<h4 class=\"style-scope ytd-watch-metadata\">Algoritmo del Modelo SARIMA. \u00bfC\u00f3mo comprobar su eficacia?<\/h4>\t\t\t\t\t\t<\/div>\n\t\t\t\t<\/div>\n\t\t\t\t<div class=\"elementor-element elementor-element-cf5bfbc elementor-widget elementor-widget-video\" data-id=\"cf5bfbc\" data-element_type=\"widget\" data-settings=\"{&quot;youtube_url&quot;:&quot;https:\\\/\\\/www.youtube.com\\\/watch?v=-8lUybckCNY&amp;t=102s&quot;,&quot;video_type&quot;:&quot;youtube&quot;,&quot;controls&quot;:&quot;yes&quot;}\" data-widget_type=\"video.default\">\n\t\t\t\t<div class=\"elementor-widget-container\">\n\t\t\t\t\t<div class=\"elementor-wrapper elementor-open-inline\">\n\t\t\t<div class=\"elementor-video\"><\/div>\t\t<\/div>\n\t\t\t\t<\/div>\n\t\t\t\t<\/div>\n\t\t\t\t\t<\/div>\n\t\t<\/div>\n\t\t\t\t\t\t\t<\/div>\n\t\t<\/section>\n\t\t\t\t<section class=\"elementor-section elementor-top-section elementor-element elementor-element-4591bfb elementor-section-boxed elementor-section-height-default elementor-section-height-default\" data-id=\"4591bfb\" data-element_type=\"section\">\n\t\t\t\t\t\t<div class=\"elementor-container elementor-column-gap-default\">\n\t\t\t\t\t<div class=\"elementor-column elementor-col-100 elementor-top-column elementor-element elementor-element-8ce4780\" data-id=\"8ce4780\" data-element_type=\"column\">\n\t\t\t<div class=\"elementor-widget-wrap elementor-element-populated\">\n\t\t\t\t\t\t\t\t<div class=\"elementor-element elementor-element-5ebcd81 elementor-widget elementor-widget-text-editor\" data-id=\"5ebcd81\" data-element_type=\"widget\" data-widget_type=\"text-editor.default\">\n\t\t\t\t<div class=\"elementor-widget-container\">\n\t\t\t\t\t\t\t<h4>Codigo R<\/h4><p><a href=\"https:\/\/ricovictor.com\/index.php\/2024\/01\/04\/modelos-sarimaarima-estacionales-que-son-y-como-usarlos-para-predecir\/\">VIDEO 1 :Modelos SARIMA(Arima Estacionales).\u00bfQu\u00e9 son y c\u00f3mo usarlos para Predecir?<\/a><\/p>\t\t\t\t\t\t<\/div>\n\t\t\t\t<\/div>\n\t\t\t\t\t<\/div>\n\t\t<\/div>\n\t\t\t\t\t\t\t<\/div>\n\t\t<\/section>\n\t\t\t\t\t\t\t<\/div>\n\t\t","protected":false},"excerpt":{"rendered":"<p>Aprende a crear modelos para buscar patrones en las series de tiempo y poder hacer predicciones sobre ellas. Aqu\u00ed tienes dos v\u00eddeos explicando un m\u00e9todo basados en modelos Arima Estacionales(SARIMA)\u00a0 * El c\u00f3digo en R de los videos los tienes en los enlaces de abajo VIDEO 1 Modelos SARIMA(Arima Estacionales).\u00bfQu\u00e9 son y c\u00f3mo usarlos para &hellip;<\/p>\n<p class=\"read-more\"> <a class=\"\" href=\"https:\/\/ricovictor.com\/index.php\/m-sarima\/\"> <span class=\"screen-reader-text\">Modelos-SARIMA<\/span> Leer m\u00e1s &raquo;<\/a><\/p>\n","protected":false},"author":19,"featured_media":0,"parent":0,"menu_order":0,"comment_status":"closed","ping_status":"closed","template":"","meta":{"site-sidebar-layout":"default","site-content-layout":"","ast-site-content-layout":"","site-content-style":"default","site-sidebar-style":"default","ast-global-header-display":"","ast-banner-title-visibility":"","ast-main-header-display":"","ast-hfb-above-header-display":"","ast-hfb-below-header-display":"","ast-hfb-mobile-header-display":"","site-post-title":"","ast-breadcrumbs-content":"","ast-featured-img":"","footer-sml-layout":"","theme-transparent-header-meta":"","adv-header-id-meta":"","stick-header-meta":"","header-above-stick-meta":"","header-main-stick-meta":"","header-below-stick-meta":"","astra-migrate-meta-layouts":"","ast-page-background-enabled":"default","ast-page-background-meta":{"desktop":{"background-color":"var(--ast-global-color-4)","background-image":"","background-repeat":"repeat","background-position":"center center","background-size":"auto","background-attachment":"scroll","background-type":"","background-media":"","overlay-type":"","overlay-color":"","overlay-gradient":""},"tablet":{"background-color":"","background-image":"","background-repeat":"repeat","background-position":"center center","background-size":"auto","background-attachment":"scroll","background-type":"","background-media":"","overlay-type":"","overlay-color":"","overlay-gradient":""},"mobile":{"background-color":"","background-image":"","background-repeat":"repeat","background-position":"center center","background-size":"auto","background-attachment":"scroll","background-type":"","background-media":"","overlay-type":"","overlay-color":"","overlay-gradient":""}},"ast-content-background-meta":{"desktop":{"background-color":"var(--ast-global-color-5)","background-image":"","background-repeat":"repeat","background-position":"center center","background-size":"auto","background-attachment":"scroll","background-type":"","background-media":"","overlay-type":"","overlay-color":"","overlay-gradient":""},"tablet":{"background-color":"var(--ast-global-color-5)","background-image":"","background-repeat":"repeat","background-position":"center center","background-size":"auto","background-attachment":"scroll","background-type":"","background-media":"","overlay-type":"","overlay-color":"","overlay-gradient":""},"mobile":{"background-color":"var(--ast-global-color-5)","background-image":"","background-repeat":"repeat","background-position":"center center","background-size":"auto","background-attachment":"scroll","background-type":"","background-media":"","overlay-type":"","overlay-color":"","overlay-gradient":""}},"footnotes":""},"yoast_head":"<!-- This site is optimized with the Yoast SEO plugin v21.6 - https:\/\/yoast.com\/wordpress\/plugins\/seo\/ -->\n<title>Modelos-SARIMA - V\u00edctor A. Rico \u2014 Econometr\u00eda y Finanzas Cuantitativas<\/title>\n<meta name=\"robots\" content=\"noindex, follow\" \/>\n<meta property=\"og:locale\" content=\"es_ES\" \/>\n<meta property=\"og:type\" content=\"article\" \/>\n<meta property=\"og:title\" content=\"Modelos-SARIMA - V\u00edctor A. Rico \u2014 Econometr\u00eda y Finanzas Cuantitativas\" \/>\n<meta property=\"og:description\" content=\"Aprende a crear modelos para buscar patrones en las series de tiempo y poder hacer predicciones sobre ellas. Aqu\u00ed tienes dos v\u00eddeos explicando un m\u00e9todo basados en modelos Arima Estacionales(SARIMA)\u00a0 * El c\u00f3digo en R de los videos los tienes en los enlaces de abajo VIDEO 1 Modelos SARIMA(Arima Estacionales).\u00bfQu\u00e9 son y c\u00f3mo usarlos para &hellip; Modelos-SARIMA Leer m\u00e1s &raquo;\" \/>\n<meta property=\"og:url\" content=\"https:\/\/ricovictor.com\/index.php\/m-sarima\/\" \/>\n<meta property=\"og:site_name\" content=\"V\u00edctor A. Rico \u2014 Econometr\u00eda y Finanzas Cuantitativas\" \/>\n<meta property=\"article:modified_time\" content=\"2024-01-04T20:31:01+00:00\" \/>\n<meta name=\"twitter:card\" content=\"summary_large_image\" \/>\n<meta name=\"twitter:label1\" content=\"Tiempo de lectura\" \/>\n\t<meta name=\"twitter:data1\" content=\"1 minuto\" \/>\n<script type=\"application\/ld+json\" class=\"yoast-schema-graph\">{\"@context\":\"https:\/\/schema.org\",\"@graph\":[{\"@type\":\"WebPage\",\"@id\":\"https:\/\/ricovictor.com\/index.php\/m-sarima\/\",\"url\":\"https:\/\/ricovictor.com\/index.php\/m-sarima\/\",\"name\":\"Modelos-SARIMA - V\u00edctor A. Rico \u2014 Econometr\u00eda y Finanzas Cuantitativas\",\"isPartOf\":{\"@id\":\"https:\/\/ricovictor.com\/#website\"},\"datePublished\":\"2020-05-01T15:33:37+00:00\",\"dateModified\":\"2024-01-04T20:31:01+00:00\",\"breadcrumb\":{\"@id\":\"https:\/\/ricovictor.com\/index.php\/m-sarima\/#breadcrumb\"},\"inLanguage\":\"es\",\"potentialAction\":[{\"@type\":\"ReadAction\",\"target\":[\"https:\/\/ricovictor.com\/index.php\/m-sarima\/\"]}]},{\"@type\":\"BreadcrumbList\",\"@id\":\"https:\/\/ricovictor.com\/index.php\/m-sarima\/#breadcrumb\",\"itemListElement\":[{\"@type\":\"ListItem\",\"position\":1,\"name\":\"Portada\",\"item\":\"https:\/\/ricovictor.com\/\"},{\"@type\":\"ListItem\",\"position\":2,\"name\":\"Modelos-SARIMA\"}]},{\"@type\":\"WebSite\",\"@id\":\"https:\/\/ricovictor.com\/#website\",\"url\":\"https:\/\/ricovictor.com\/\",\"name\":\"V\u00edctor A. Rico \u2014 Econometr\u00eda y Finanzas Cuantitativas\",\"description\":\"\",\"publisher\":{\"@id\":\"https:\/\/ricovictor.com\/#organization\"},\"potentialAction\":[{\"@type\":\"SearchAction\",\"target\":{\"@type\":\"EntryPoint\",\"urlTemplate\":\"https:\/\/ricovictor.com\/?s={search_term_string}\"},\"query-input\":\"required name=search_term_string\"}],\"inLanguage\":\"es\"},{\"@type\":\"Organization\",\"@id\":\"https:\/\/ricovictor.com\/#organization\",\"name\":\"V\u00edctor A. Rico \u2014 Econometr\u00eda y Finanzas Cuantitativas\",\"url\":\"https:\/\/ricovictor.com\/\",\"logo\":{\"@type\":\"ImageObject\",\"inLanguage\":\"es\",\"@id\":\"https:\/\/ricovictor.com\/#\/schema\/logo\/image\/\",\"url\":\"https:\/\/ricovictor.com\/wp-content\/uploads\/2026\/02\/cropped-ChatGPT-Image-4-feb-2026-12_41_28.png\",\"contentUrl\":\"https:\/\/ricovictor.com\/wp-content\/uploads\/2026\/02\/cropped-ChatGPT-Image-4-feb-2026-12_41_28.png\",\"width\":1402,\"height\":474,\"caption\":\"V\u00edctor A. Rico \u2014 Econometr\u00eda y Finanzas Cuantitativas\"},\"image\":{\"@id\":\"https:\/\/ricovictor.com\/#\/schema\/logo\/image\/\"}}]}<\/script>\n<!-- \/ Yoast SEO plugin. -->","yoast_head_json":{"title":"Modelos-SARIMA - V\u00edctor A. Rico \u2014 Econometr\u00eda y Finanzas Cuantitativas","robots":{"index":"noindex","follow":"follow"},"og_locale":"es_ES","og_type":"article","og_title":"Modelos-SARIMA - V\u00edctor A. Rico \u2014 Econometr\u00eda y Finanzas Cuantitativas","og_description":"Aprende a crear modelos para buscar patrones en las series de tiempo y poder hacer predicciones sobre ellas. Aqu\u00ed tienes dos v\u00eddeos explicando un m\u00e9todo basados en modelos Arima Estacionales(SARIMA)\u00a0 * El c\u00f3digo en R de los videos los tienes en los enlaces de abajo VIDEO 1 Modelos SARIMA(Arima Estacionales).\u00bfQu\u00e9 son y c\u00f3mo usarlos para &hellip; Modelos-SARIMA Leer m\u00e1s &raquo;","og_url":"https:\/\/ricovictor.com\/index.php\/m-sarima\/","og_site_name":"V\u00edctor A. Rico \u2014 Econometr\u00eda y Finanzas Cuantitativas","article_modified_time":"2024-01-04T20:31:01+00:00","twitter_card":"summary_large_image","twitter_misc":{"Tiempo de lectura":"1 minuto"},"schema":{"@context":"https:\/\/schema.org","@graph":[{"@type":"WebPage","@id":"https:\/\/ricovictor.com\/index.php\/m-sarima\/","url":"https:\/\/ricovictor.com\/index.php\/m-sarima\/","name":"Modelos-SARIMA - V\u00edctor A. Rico \u2014 Econometr\u00eda y Finanzas Cuantitativas","isPartOf":{"@id":"https:\/\/ricovictor.com\/#website"},"datePublished":"2020-05-01T15:33:37+00:00","dateModified":"2024-01-04T20:31:01+00:00","breadcrumb":{"@id":"https:\/\/ricovictor.com\/index.php\/m-sarima\/#breadcrumb"},"inLanguage":"es","potentialAction":[{"@type":"ReadAction","target":["https:\/\/ricovictor.com\/index.php\/m-sarima\/"]}]},{"@type":"BreadcrumbList","@id":"https:\/\/ricovictor.com\/index.php\/m-sarima\/#breadcrumb","itemListElement":[{"@type":"ListItem","position":1,"name":"Portada","item":"https:\/\/ricovictor.com\/"},{"@type":"ListItem","position":2,"name":"Modelos-SARIMA"}]},{"@type":"WebSite","@id":"https:\/\/ricovictor.com\/#website","url":"https:\/\/ricovictor.com\/","name":"V\u00edctor A. Rico \u2014 Econometr\u00eda y Finanzas Cuantitativas","description":"","publisher":{"@id":"https:\/\/ricovictor.com\/#organization"},"potentialAction":[{"@type":"SearchAction","target":{"@type":"EntryPoint","urlTemplate":"https:\/\/ricovictor.com\/?s={search_term_string}"},"query-input":"required name=search_term_string"}],"inLanguage":"es"},{"@type":"Organization","@id":"https:\/\/ricovictor.com\/#organization","name":"V\u00edctor A. Rico \u2014 Econometr\u00eda y Finanzas Cuantitativas","url":"https:\/\/ricovictor.com\/","logo":{"@type":"ImageObject","inLanguage":"es","@id":"https:\/\/ricovictor.com\/#\/schema\/logo\/image\/","url":"https:\/\/ricovictor.com\/wp-content\/uploads\/2026\/02\/cropped-ChatGPT-Image-4-feb-2026-12_41_28.png","contentUrl":"https:\/\/ricovictor.com\/wp-content\/uploads\/2026\/02\/cropped-ChatGPT-Image-4-feb-2026-12_41_28.png","width":1402,"height":474,"caption":"V\u00edctor A. Rico \u2014 Econometr\u00eda y Finanzas Cuantitativas"},"image":{"@id":"https:\/\/ricovictor.com\/#\/schema\/logo\/image\/"}}]}},"post_mailing_queue_ids":[],"_links":{"self":[{"href":"https:\/\/ricovictor.com\/index.php\/wp-json\/wp\/v2\/pages\/443"}],"collection":[{"href":"https:\/\/ricovictor.com\/index.php\/wp-json\/wp\/v2\/pages"}],"about":[{"href":"https:\/\/ricovictor.com\/index.php\/wp-json\/wp\/v2\/types\/page"}],"author":[{"embeddable":true,"href":"https:\/\/ricovictor.com\/index.php\/wp-json\/wp\/v2\/users\/19"}],"replies":[{"embeddable":true,"href":"https:\/\/ricovictor.com\/index.php\/wp-json\/wp\/v2\/comments?post=443"}],"version-history":[{"count":18,"href":"https:\/\/ricovictor.com\/index.php\/wp-json\/wp\/v2\/pages\/443\/revisions"}],"predecessor-version":[{"id":3872,"href":"https:\/\/ricovictor.com\/index.php\/wp-json\/wp\/v2\/pages\/443\/revisions\/3872"}],"wp:attachment":[{"href":"https:\/\/ricovictor.com\/index.php\/wp-json\/wp\/v2\/media?parent=443"}],"curies":[{"name":"wp","href":"https:\/\/api.w.org\/{rel}","templated":true}]}}